{"id":758,"date":"2025-03-06T14:35:01","date_gmt":"2025-03-06T14:35:01","guid":{"rendered":"https:\/\/bairro.vilaverde.pt\/?page_id=758"},"modified":"2025-05-05T09:00:44","modified_gmt":"2025-05-05T08:00:44","slug":"subscrever","status":"publish","type":"page","link":"https:\/\/bairro.vilaverde.pt\/en\/subscrever\/","title":{"rendered":"Subscreve a newsletter"},"content":{"rendered":"  \n  \n  <div class=\"\n    mailpoet_form_popup_overlay\n      \"><\/div>\n  <div\n    id=\"mailpoet_form_1\"\n    class=\"\n      mailpoet_form\n      mailpoet_form_shortcode\n      mailpoet_form_position_\n      mailpoet_form_animation_\n    \"\n      >\n\n    <style type=\"text\/css\">\n     #mailpoet_form_1 .mailpoet_form {  }\n#mailpoet_form_1 .mailpoet_column_with_background { padding: 10px; }\n#mailpoet_form_1 .mailpoet_form_column:not(:first-child) { margin-left: 20px; }\n#mailpoet_form_1 .mailpoet_paragraph { line-height: 20px; margin-bottom: 20px; }\n#mailpoet_form_1 .mailpoet_segment_label, #mailpoet_form_1 .mailpoet_text_label, #mailpoet_form_1 .mailpoet_textarea_label, #mailpoet_form_1 .mailpoet_select_label, #mailpoet_form_1 .mailpoet_radio_label, #mailpoet_form_1 .mailpoet_checkbox_label, #mailpoet_form_1 .mailpoet_list_label, #mailpoet_form_1 .mailpoet_date_label { display: block; font-weight: normal; }\n#mailpoet_form_1 .mailpoet_text, #mailpoet_form_1 .mailpoet_textarea, #mailpoet_form_1 .mailpoet_select, #mailpoet_form_1 .mailpoet_date_month, #mailpoet_form_1 .mailpoet_date_day, #mailpoet_form_1 .mailpoet_date_year, #mailpoet_form_1 .mailpoet_date { display: block; }\n#mailpoet_form_1 .mailpoet_text, #mailpoet_form_1 .mailpoet_textarea { width: 200px; }\n#mailpoet_form_1 .mailpoet_checkbox {  }\n#mailpoet_form_1 .mailpoet_submit {  }\n#mailpoet_form_1 .mailpoet_divider {  }\n#mailpoet_form_1 .mailpoet_message {  }\n#mailpoet_form_1 .mailpoet_form_loading { width: 30px; text-align: center; line-height: normal; }\n#mailpoet_form_1 .mailpoet_form_loading > span { width: 5px; height: 5px; background-color: #5b5b5b; }#mailpoet_form_1{border-radius: 0px;text-align: left;}#mailpoet_form_1 form.mailpoet_form {padding: 20px;}#mailpoet_form_1{width: 100%;}#mailpoet_form_1 .mailpoet_message {margin: 0; padding: 0 20px;}#mailpoet_form_1 .mailpoet_paragraph.last {margin-bottom: 0} @media (max-width: 500px) {#mailpoet_form_1 {background-image: none;}} @media (min-width: 500px) {#mailpoet_form_1 .last .mailpoet_paragraph:last-child {margin-bottom: 0}}  @media (max-width: 500px) {#mailpoet_form_1 .mailpoet_form_column:last-child .mailpoet_paragraph:last-child {margin-bottom: 0}} \n    <\/style>\n\n    <form\n      target=\"_self\"\n      method=\"post\"\n      action=\"https:\/\/bairro.vilaverde.pt\/wp-admin\/admin-post.php?action=mailpoet_subscription_form\"\n      class=\"mailpoet_form mailpoet_form_form mailpoet_form_shortcode\"\n      novalidate\n      data-delay=\"\"\n      data-exit-intent-enabled=\"\"\n      data-font-family=\"\"\n      data-cookie-expiration-time=\"\"\n    >\n      <input type=\"hidden\" name=\"data[form_id]\" value=\"1\" \/>\n      <input type=\"hidden\" name=\"token\" value=\"673bd7af52\" \/>\n      <input type=\"hidden\" name=\"api_version\" value=\"v1\" \/>\n      <input type=\"hidden\" name=\"endpoint\" value=\"subscribers\" \/>\n      <input type=\"hidden\" name=\"mailpoet_method\" value=\"subscribe\" \/>\n\n      <label class=\"mailpoet_hp_email_label\" style=\"display: none !important;\">Please leave this field empty<input type=\"email\" name=\"data[email]\"\/><\/label><div class=\"mailpoet_paragraph width-small\"><label for=\"form_first_name_1\" class=\"mailpoet_text_label\"  data-automation-id=\"form_first_name_label\" >Nome <span class=\"mailpoet_required\" aria-hidden=\"true\">*<\/span><\/label><input type=\"text\" autocomplete=\"given-name\" class=\"mailpoet_text\" id=\"form_first_name_1\" name=\"data[form_field_ZmNlMzc3NGU0MWY2X2ZpcnN0X25hbWU=]\" title=\"Nome\" value=\"\" style=\"padding:5px;margin: 0 auto 0 0;\" data-automation-id=\"form_first_name\" data-parsley-errors-container=\".mailpoet_error_fyvc2\" data-parsley-names='[&quot;Please specify a valid name.&quot;,&quot;Addresses in names are not permitted, please add your name instead.&quot;]' data-parsley-required=\"true\" required aria-required=\"true\" data-parsley-required-message=\"This field is required.\"\/><span class=\"mailpoet_error_fyvc2\"><\/span><\/div>\n<div class=\"mailpoet_paragraph width-grow\"><label for=\"form_email_1\" class=\"mailpoet_text_label\"  data-automation-id=\"form_email_label\" >Email <span class=\"mailpoet_required\" aria-hidden=\"true\">*<\/span><\/label><input type=\"email\" autocomplete=\"email\" class=\"mailpoet_text\" id=\"form_email_1\" name=\"data[form_field_YjAzNWNmM2FjMWY5X2VtYWls]\" title=\"Email\" value=\"\" style=\"padding:5px;margin: 0 auto 0 0;\" data-automation-id=\"form_email\" data-parsley-errors-container=\".mailpoet_error_17b43\" data-parsley-required=\"true\" required aria-required=\"true\" data-parsley-minlength=\"6\" data-parsley-maxlength=\"150\" data-parsley-type-message=\"This value should be a valid email.\" data-parsley-required-message=\"This field is required.\"\/><span class=\"mailpoet_error_17b43\"><\/span><\/div>\n<div class=\"mailpoet_paragraph \"><fieldset><legend class=\"mailpoet_segment_label\" >Prefer\u00eancias<\/legend><label class=\"mailpoet_checkbox_label\" for=\"mailpoet_segment_1\" ><input type=\"checkbox\" class=\"mailpoet_checkbox\" id=\"mailpoet_segment_1\" name=\"data[form_field_ZDFjZjE5OGZjNzBmX3NlZ21lbnRz][]\" value=\"4\"  data-parsley-errors-container=\".mailpoet_error_ijjgm\" data-parsley-required=\"true\" required aria-required=\"true\" data-parsley-group=\"segments\" data-parsley-required-message=\"Please select a list.\" \/> Lista de subscritores - Portal<\/label><label class=\"mailpoet_checkbox_label\" for=\"mailpoet_segment_2\" ><input type=\"checkbox\" class=\"mailpoet_checkbox\" id=\"mailpoet_segment_2\" name=\"data[form_field_ZDFjZjE5OGZjNzBmX3NlZ21lbnRz][]\" value=\"5\"  data-parsley-errors-container=\".mailpoet_error_ijjgm\" data-parsley-required=\"true\" required aria-required=\"true\" data-parsley-group=\"segments\" data-parsley-required-message=\"Please select a list.\" \/> Lista teste<\/label><span class=\"mailpoet_error_ijjgm\"><\/span><\/fieldset><\/div>\n<div class=\"mailpoet_paragraph agree-privacy-policy\" >Ao subscrever est\u00e1 a dar o seu consentimento para o envio destas publica\u00e7\u00f5es, confirmando conhecer a <a href=\"#\" target=\"_blank\">Prote\u00e7\u00e3o de Dados<\/a>.<\/div>\n<div class=\"mailpoet_paragraph \"><input type=\"submit\" class=\"mailpoet_submit\" value=\"Subscrever\" data-automation-id=\"subscribe-submit-button\" style=\"padding:5px;margin: 0 auto 0 0;border-color:transparent;\" \/><span class=\"mailpoet_form_loading\"><span class=\"mailpoet_bounce1\"><\/span><span class=\"mailpoet_bounce2\"><\/span><span class=\"mailpoet_bounce3\"><\/span><\/span><\/div>\n\n      <div class=\"mailpoet_message\">\n        <p class=\"mailpoet_validate_success\"\n                style=\"display:none;\"\n                >Submiss\u00e3o efetuada com sucesso. Para confirmar, verifique a sua caixa de correio.\n        <\/p>\n        <p class=\"mailpoet_validate_error\"\n                style=\"display:none;\"\n                >        <\/p>\n      <\/div>\n    <\/form>\n\n      <\/div>\n\n  \n","protected":false},"excerpt":{"rendered":"","protected":false},"author":1,"featured_media":0,"parent":0,"menu_order":0,"comment_status":"closed","ping_status":"closed","template":"templates\/text-layout1.php","meta":{"footnotes":""},"class_list":["post-758","page","type-page","status-publish","hentry"],"acf":[],"yoast_head":"<!-- This site is optimized with the Yoast SEO plugin v21.7 - https:\/\/yoast.com\/wordpress\/plugins\/seo\/ -->\n<title>Subscreve a newsletter - Com\u00e9rcio +Digital<\/title>\n<meta name=\"robots\" content=\"index, follow, max-snippet:-1, max-image-preview:large, max-video-preview:-1\" \/>\n<link rel=\"canonical\" href=\"https:\/\/bairro.vilaverde.pt\/subscrever\/\" \/>\n<meta property=\"og:locale\" content=\"en_US\" \/>\n<meta property=\"og:type\" content=\"article\" \/>\n<meta property=\"og:title\" content=\"Subscreve a newsletter - Com\u00e9rcio +Digital\" \/>\n<meta property=\"og:url\" content=\"https:\/\/bairro.vilaverde.pt\/subscrever\/\" \/>\n<meta property=\"og:site_name\" content=\"Com\u00e9rcio +Digital\" \/>\n<meta property=\"article:modified_time\" content=\"2025-05-05T08:00:44+00:00\" \/>\n<meta name=\"twitter:card\" content=\"summary_large_image\" \/>\n<meta name=\"twitter:label1\" content=\"Est. reading time\" \/>\n\t<meta name=\"twitter:data1\" content=\"1 minute\" \/>\n<script type=\"application\/ld+json\" class=\"yoast-schema-graph\">{\"@context\":\"https:\/\/schema.org\",\"@graph\":[{\"@type\":\"WebPage\",\"@id\":\"https:\/\/bairro.vilaverde.pt\/subscrever\/\",\"url\":\"https:\/\/bairro.vilaverde.pt\/subscrever\/\",\"name\":\"Subscreve a newsletter - Com\u00e9rcio +Digital\",\"isPartOf\":{\"@id\":\"https:\/\/bairro.vilaverde.pt\/#website\"},\"datePublished\":\"2025-03-06T14:35:01+00:00\",\"dateModified\":\"2025-05-05T08:00:44+00:00\",\"breadcrumb\":{\"@id\":\"https:\/\/bairro.vilaverde.pt\/subscrever\/#breadcrumb\"},\"inLanguage\":\"en-US\",\"potentialAction\":[{\"@type\":\"ReadAction\",\"target\":[\"https:\/\/bairro.vilaverde.pt\/subscrever\/\"]}]},{\"@type\":\"BreadcrumbList\",\"@id\":\"https:\/\/bairro.vilaverde.pt\/subscrever\/#breadcrumb\",\"itemListElement\":[{\"@type\":\"ListItem\",\"position\":1,\"name\":\"Home\",\"item\":\"https:\/\/bairro.vilaverde.pt\/en\/homepage\/\"},{\"@type\":\"ListItem\",\"position\":2,\"name\":\"Subscreve a newsletter\"}]},{\"@type\":\"WebSite\",\"@id\":\"https:\/\/bairro.vilaverde.pt\/#website\",\"url\":\"https:\/\/bairro.vilaverde.pt\/\",\"name\":\"Com\u00e9rcio +Digital\",\"description\":\"Com\u00e9rcio +Digital\",\"potentialAction\":[{\"@type\":\"SearchAction\",\"target\":{\"@type\":\"EntryPoint\",\"urlTemplate\":\"https:\/\/bairro.vilaverde.pt\/?s={search_term_string}\"},\"query-input\":\"required name=search_term_string\"}],\"inLanguage\":\"en-US\"}]}<\/script>\n<!-- \/ Yoast SEO plugin. -->","yoast_head_json":{"title":"Subscreve a newsletter - Com\u00e9rcio +Digital","robots":{"index":"index","follow":"follow","max-snippet":"max-snippet:-1","max-image-preview":"max-image-preview:large","max-video-preview":"max-video-preview:-1"},"canonical":"https:\/\/bairro.vilaverde.pt\/subscrever\/","og_locale":"en_US","og_type":"article","og_title":"Subscreve a newsletter - Com\u00e9rcio +Digital","og_url":"https:\/\/bairro.vilaverde.pt\/subscrever\/","og_site_name":"Com\u00e9rcio +Digital","article_modified_time":"2025-05-05T08:00:44+00:00","twitter_card":"summary_large_image","twitter_misc":{"Est. reading time":"1 minute"},"schema":{"@context":"https:\/\/schema.org","@graph":[{"@type":"WebPage","@id":"https:\/\/bairro.vilaverde.pt\/subscrever\/","url":"https:\/\/bairro.vilaverde.pt\/subscrever\/","name":"Subscreve a newsletter - Com\u00e9rcio +Digital","isPartOf":{"@id":"https:\/\/bairro.vilaverde.pt\/#website"},"datePublished":"2025-03-06T14:35:01+00:00","dateModified":"2025-05-05T08:00:44+00:00","breadcrumb":{"@id":"https:\/\/bairro.vilaverde.pt\/subscrever\/#breadcrumb"},"inLanguage":"en-US","potentialAction":[{"@type":"ReadAction","target":["https:\/\/bairro.vilaverde.pt\/subscrever\/"]}]},{"@type":"BreadcrumbList","@id":"https:\/\/bairro.vilaverde.pt\/subscrever\/#breadcrumb","itemListElement":[{"@type":"ListItem","position":1,"name":"Home","item":"https:\/\/bairro.vilaverde.pt\/en\/homepage\/"},{"@type":"ListItem","position":2,"name":"Subscreve a newsletter"}]},{"@type":"WebSite","@id":"https:\/\/bairro.vilaverde.pt\/#website","url":"https:\/\/bairro.vilaverde.pt\/","name":"Com\u00e9rcio +Digital","description":"Com\u00e9rcio +Digital","potentialAction":[{"@type":"SearchAction","target":{"@type":"EntryPoint","urlTemplate":"https:\/\/bairro.vilaverde.pt\/?s={search_term_string}"},"query-input":"required name=search_term_string"}],"inLanguage":"en-US"}]}},"_links":{"self":[{"href":"https:\/\/bairro.vilaverde.pt\/en\/wp-json\/wp\/v2\/pages\/758","targetHints":{"allow":["GET"]}}],"collection":[{"href":"https:\/\/bairro.vilaverde.pt\/en\/wp-json\/wp\/v2\/pages"}],"about":[{"href":"https:\/\/bairro.vilaverde.pt\/en\/wp-json\/wp\/v2\/types\/page"}],"author":[{"embeddable":true,"href":"https:\/\/bairro.vilaverde.pt\/en\/wp-json\/wp\/v2\/users\/1"}],"replies":[{"embeddable":true,"href":"https:\/\/bairro.vilaverde.pt\/en\/wp-json\/wp\/v2\/comments?post=758"}],"version-history":[{"count":2,"href":"https:\/\/bairro.vilaverde.pt\/en\/wp-json\/wp\/v2\/pages\/758\/revisions"}],"predecessor-version":[{"id":760,"href":"https:\/\/bairro.vilaverde.pt\/en\/wp-json\/wp\/v2\/pages\/758\/revisions\/760"}],"wp:attachment":[{"href":"https:\/\/bairro.vilaverde.pt\/en\/wp-json\/wp\/v2\/media?parent=758"}],"curies":[{"name":"wp","href":"https:\/\/api.w.org\/{rel}","templated":true}]}}